{"id":1853,"date":"2022-09-07T14:03:17","date_gmt":"2022-09-07T12:03:17","guid":{"rendered":"https:\/\/lernkarteien.de\/shop\/?page_id=1853"},"modified":"2025-02-07T09:55:40","modified_gmt":"2025-02-07T08:55:40","slug":"versandhinweise","status":"publish","type":"page","link":"https:\/\/lernkarteien.de\/shop\/versandhinweise\/","title":{"rendered":"Versandhinweise"},"content":{"rendered":"\n<h2 class=\"wp-block-heading\">Versandhinweise<\/h2>\n\n\n\n<p><strong><em>L\u00e4nder, in die versendet wird<\/em> <\/strong><br>Der Versand erfolgt nur an Adressen innerhalb Deutschlands. Der Shop erm\u00f6glicht die Eingabe einer von der Rechnungsadresse abweichenden separaten Lieferadresse. Kunden aus anderen L\u00e4ndern der EU k\u00f6nnen sich somit Produkte an Adressen innerhalb Deutschlands liefern lassen.<\/p>\n\n\n\n<p><strong><em>Versandweg<\/em><\/strong><br>Wir liefern nur im Versandweg. Eine Selbstabholung der Ware ist nicht m\u00f6glich.<\/p>\n\n\n\n<p><\/p>\n","protected":false},"excerpt":{"rendered":"<p>Versandhinweise L\u00e4nder, in die versendet wird Der Versand erfolgt nur an Adressen innerhalb Deutschlands. Der Shop erm\u00f6glicht die Eingabe einer von der Rechnungsadresse abweichenden separaten Lieferadresse. Kunden aus anderen L\u00e4ndern der EU k\u00f6nnen sich somit Produkte an Adressen innerhalb Deutschlands liefern lassen. VersandwegWir liefern nur im Versandweg. Eine Selbstabholung der Ware ist nicht m\u00f6glich.<\/p>\n","protected":false},"author":2,"featured_media":0,"parent":0,"menu_order":0,"comment_status":"closed","ping_status":"closed","template":"","meta":{"site-sidebar-layout":"no-sidebar","site-content-layout":"","ast-site-content-layout":"default","site-content-style":"default","site-sidebar-style":"default","ast-global-header-display":"","ast-banner-title-visibility":"","ast-main-header-display":"","ast-hfb-above-header-display":"","ast-hfb-below-header-display":"","ast-hfb-mobile-header-display":"","site-post-title":"disabled","ast-breadcrumbs-content":"","ast-featured-img":"","footer-sml-layout":"","ast-disable-related-posts":"","theme-transparent-header-meta":"","adv-header-id-meta":"","stick-header-meta":"","header-above-stick-meta":"","header-main-stick-meta":"","header-below-stick-meta":"","astra-migrate-meta-layouts":"set","ast-page-background-enabled":"default","ast-page-background-meta":{"desktop":{"background-color":"","background-image":"","background-repeat":"repeat","background-position":"center center","background-size":"auto","background-attachment":"scroll","background-type":"","background-media":"","overlay-type":"","overlay-color":"","overlay-opacity":"","overlay-gradient":""},"tablet":{"background-color":"","background-image":"","background-repeat":"repeat","background-position":"center center","background-size":"auto","background-attachment":"scroll","background-type":"","background-media":"","overlay-type":"","overlay-color":"","overlay-opacity":"","overlay-gradient":""},"mobile":{"background-color":"","background-image":"","background-repeat":"repeat","background-position":"center center","background-size":"auto","background-attachment":"scroll","background-type":"","background-media":"","overlay-type":"","overlay-color":"","overlay-opacity":"","overlay-gradient":""}},"ast-content-background-meta":{"desktop":{"background-color":"var(--ast-global-color-5)","background-image":"","background-repeat":"repeat","background-position":"center center","background-size":"auto","background-attachment":"scroll","background-type":"","background-media":"","overlay-type":"","overlay-color":"","overlay-opacity":"","overlay-gradient":""},"tablet":{"background-color":"var(--ast-global-color-5)","background-image":"","background-repeat":"repeat","background-position":"center center","background-size":"auto","background-attachment":"scroll","background-type":"","background-media":"","overlay-type":"","overlay-color":"","overlay-opacity":"","overlay-gradient":""},"mobile":{"background-color":"var(--ast-global-color-5)","background-image":"","background-repeat":"repeat","background-position":"center center","background-size":"auto","background-attachment":"scroll","background-type":"","background-media":"","overlay-type":"","overlay-color":"","overlay-opacity":"","overlay-gradient":""}},"footnotes":""},"class_list":["post-1853","page","type-page","status-publish","hentry"],"yoast_head":"<!-- This site is optimized with the Yoast SEO plugin v27.5 - https:\/\/yoast.com\/product\/yoast-seo-wordpress\/ -->\n<title>Versandhinweise - Lernkarteien.de\/Shop<\/title>\n<meta name=\"robots\" content=\"index, follow, max-snippet:-1, max-image-preview:large, max-video-preview:-1\" \/>\n<link rel=\"canonical\" href=\"https:\/\/lernkarteien.de\/shop\/versandhinweise\/\" \/>\n<meta property=\"og:locale\" content=\"de_DE\" \/>\n<meta property=\"og:type\" content=\"article\" \/>\n<meta property=\"og:title\" content=\"Versandhinweise - Lernkarteien.de\/Shop\" \/>\n<meta property=\"og:description\" content=\"Versandhinweise L\u00e4nder, in die versendet wird Der Versand erfolgt nur an Adressen innerhalb Deutschlands. Der Shop erm\u00f6glicht die Eingabe einer von der Rechnungsadresse abweichenden separaten Lieferadresse. Kunden aus anderen L\u00e4ndern der EU k\u00f6nnen sich somit Produkte an Adressen innerhalb Deutschlands liefern lassen. VersandwegWir liefern nur im Versandweg. Eine Selbstabholung der Ware ist nicht m\u00f6glich.\" \/>\n<meta property=\"og:url\" content=\"https:\/\/lernkarteien.de\/shop\/versandhinweise\/\" \/>\n<meta property=\"og:site_name\" content=\"Lernkarteien.de\/Shop\" \/>\n<meta property=\"article:modified_time\" content=\"2025-02-07T08:55:40+00:00\" \/>\n<meta name=\"twitter:card\" content=\"summary_large_image\" \/>\n<meta name=\"twitter:label1\" content=\"Gesch\u00e4tzte Lesezeit\" \/>\n\t<meta name=\"twitter:data1\" content=\"1\u00a0Minute\" \/>\n<script type=\"application\/ld+json\" class=\"yoast-schema-graph\">{\"@context\":\"https:\\\/\\\/schema.org\",\"@graph\":[{\"@type\":\"WebPage\",\"@id\":\"https:\\\/\\\/lernkarteien.de\\\/shop\\\/versandhinweise\\\/\",\"url\":\"https:\\\/\\\/lernkarteien.de\\\/shop\\\/versandhinweise\\\/\",\"name\":\"Versandhinweise - Lernkarteien.de\\\/Shop\",\"isPartOf\":{\"@id\":\"https:\\\/\\\/lernkarteien.de\\\/shop\\\/#website\"},\"datePublished\":\"2022-09-07T12:03:17+00:00\",\"dateModified\":\"2025-02-07T08:55:40+00:00\",\"breadcrumb\":{\"@id\":\"https:\\\/\\\/lernkarteien.de\\\/shop\\\/versandhinweise\\\/#breadcrumb\"},\"inLanguage\":\"de\",\"potentialAction\":[{\"@type\":\"ReadAction\",\"target\":[\"https:\\\/\\\/lernkarteien.de\\\/shop\\\/versandhinweise\\\/\"]}]},{\"@type\":\"BreadcrumbList\",\"@id\":\"https:\\\/\\\/lernkarteien.de\\\/shop\\\/versandhinweise\\\/#breadcrumb\",\"itemListElement\":[{\"@type\":\"ListItem\",\"position\":1,\"name\":\"Startseite\",\"item\":\"https:\\\/\\\/lernkarteien.de\\\/shop\\\/\"},{\"@type\":\"ListItem\",\"position\":2,\"name\":\"Versandhinweise\"}]},{\"@type\":\"WebSite\",\"@id\":\"https:\\\/\\\/lernkarteien.de\\\/shop\\\/#website\",\"url\":\"https:\\\/\\\/lernkarteien.de\\\/shop\\\/\",\"name\":\"Lernkarteien.de\\\/Shop\",\"description\":\"\",\"potentialAction\":[{\"@type\":\"SearchAction\",\"target\":{\"@type\":\"EntryPoint\",\"urlTemplate\":\"https:\\\/\\\/lernkarteien.de\\\/shop\\\/?s={search_term_string}\"},\"query-input\":{\"@type\":\"PropertyValueSpecification\",\"valueRequired\":true,\"valueName\":\"search_term_string\"}}],\"inLanguage\":\"de\"}]}<\/script>\n<!-- \/ Yoast SEO plugin. -->","yoast_head_json":{"title":"Versandhinweise - Lernkarteien.de\/Shop","robots":{"index":"index","follow":"follow","max-snippet":"max-snippet:-1","max-image-preview":"max-image-preview:large","max-video-preview":"max-video-preview:-1"},"canonical":"https:\/\/lernkarteien.de\/shop\/versandhinweise\/","og_locale":"de_DE","og_type":"article","og_title":"Versandhinweise - Lernkarteien.de\/Shop","og_description":"Versandhinweise L\u00e4nder, in die versendet wird Der Versand erfolgt nur an Adressen innerhalb Deutschlands. Der Shop erm\u00f6glicht die Eingabe einer von der Rechnungsadresse abweichenden separaten Lieferadresse. Kunden aus anderen L\u00e4ndern der EU k\u00f6nnen sich somit Produkte an Adressen innerhalb Deutschlands liefern lassen. VersandwegWir liefern nur im Versandweg. Eine Selbstabholung der Ware ist nicht m\u00f6glich.","og_url":"https:\/\/lernkarteien.de\/shop\/versandhinweise\/","og_site_name":"Lernkarteien.de\/Shop","article_modified_time":"2025-02-07T08:55:40+00:00","twitter_card":"summary_large_image","twitter_misc":{"Gesch\u00e4tzte Lesezeit":"1\u00a0Minute"},"schema":{"@context":"https:\/\/schema.org","@graph":[{"@type":"WebPage","@id":"https:\/\/lernkarteien.de\/shop\/versandhinweise\/","url":"https:\/\/lernkarteien.de\/shop\/versandhinweise\/","name":"Versandhinweise - Lernkarteien.de\/Shop","isPartOf":{"@id":"https:\/\/lernkarteien.de\/shop\/#website"},"datePublished":"2022-09-07T12:03:17+00:00","dateModified":"2025-02-07T08:55:40+00:00","breadcrumb":{"@id":"https:\/\/lernkarteien.de\/shop\/versandhinweise\/#breadcrumb"},"inLanguage":"de","potentialAction":[{"@type":"ReadAction","target":["https:\/\/lernkarteien.de\/shop\/versandhinweise\/"]}]},{"@type":"BreadcrumbList","@id":"https:\/\/lernkarteien.de\/shop\/versandhinweise\/#breadcrumb","itemListElement":[{"@type":"ListItem","position":1,"name":"Startseite","item":"https:\/\/lernkarteien.de\/shop\/"},{"@type":"ListItem","position":2,"name":"Versandhinweise"}]},{"@type":"WebSite","@id":"https:\/\/lernkarteien.de\/shop\/#website","url":"https:\/\/lernkarteien.de\/shop\/","name":"Lernkarteien.de\/Shop","description":"","potentialAction":[{"@type":"SearchAction","target":{"@type":"EntryPoint","urlTemplate":"https:\/\/lernkarteien.de\/shop\/?s={search_term_string}"},"query-input":{"@type":"PropertyValueSpecification","valueRequired":true,"valueName":"search_term_string"}}],"inLanguage":"de"}]}},"_links":{"self":[{"href":"https:\/\/lernkarteien.de\/shop\/wp-json\/wp\/v2\/pages\/1853","targetHints":{"allow":["GET"]}}],"collection":[{"href":"https:\/\/lernkarteien.de\/shop\/wp-json\/wp\/v2\/pages"}],"about":[{"href":"https:\/\/lernkarteien.de\/shop\/wp-json\/wp\/v2\/types\/page"}],"author":[{"embeddable":true,"href":"https:\/\/lernkarteien.de\/shop\/wp-json\/wp\/v2\/users\/2"}],"replies":[{"embeddable":true,"href":"https:\/\/lernkarteien.de\/shop\/wp-json\/wp\/v2\/comments?post=1853"}],"version-history":[{"count":0,"href":"https:\/\/lernkarteien.de\/shop\/wp-json\/wp\/v2\/pages\/1853\/revisions"}],"wp:attachment":[{"href":"https:\/\/lernkarteien.de\/shop\/wp-json\/wp\/v2\/media?parent=1853"}],"curies":[{"name":"wp","href":"https:\/\/api.w.org\/{rel}","templated":true}]}}