{"id":52,"date":"2021-04-01T15:42:59","date_gmt":"2021-04-01T13:42:59","guid":{"rendered":"https:\/\/gut3.de\/shop\/?post_type=product&#038;p=52"},"modified":"2026-04-29T18:09:05","modified_gmt":"2026-04-29T16:09:05","slug":"lernkartei-gelb","status":"publish","type":"product","link":"https:\/\/lernkarteien.de\/shop\/produkt\/lernkartei-gelb\/","title":{"rendered":"Lernkartei gelb, DIN A8"},"content":{"rendered":"<p>Lernkartei f\u00fcr Karteikarten im Format DIN A8<br \/>\nL\u00e4nge &#8211; Breite &#8211; H\u00f6he: ca. 15,1 x 8,8 x 6,3 cm<br \/>\nDie Gr\u00f6\u00dfe der einzelnen F\u00e4cher l\u00e4sst sich einstellen.<br \/>\nMaterial: Polypropylen (schlagz\u00e4h, ungiftig)<br \/>\nLiefergebiet: Deutschland<\/p>\n","protected":false},"excerpt":{"rendered":"<h6>inkl. MwSt., zzgl. <a href=\"https:\/\/lernkarteien.de\/shop\/versandkosten\/\">Versandkosten<\/a><\/h6>\n","protected":false},"featured_media":3526,"template":"","meta":{"site-sidebar-layout":"default","site-content-layout":"default","ast-site-content-layout":"default","site-content-style":"default","site-sidebar-style":"default","ast-global-header-display":"","ast-banner-title-visibility":"","ast-main-header-display":"","ast-hfb-above-header-display":"","ast-hfb-below-header-display":"","ast-hfb-mobile-header-display":"","site-post-title":"","ast-breadcrumbs-content":"","ast-featured-img":"","footer-sml-layout":"","ast-disable-related-posts":"","theme-transparent-header-meta":"default","adv-header-id-meta":"","stick-header-meta":"","header-above-stick-meta":"","header-main-stick-meta":"","header-below-stick-meta":"","astra-migrate-meta-layouts":"set","ast-page-background-enabled":"default","ast-page-background-meta":{"desktop":{"background-color":"","background-image":"","background-repeat":"repeat","background-position":"center center","background-size":"auto","background-attachment":"scroll","background-type":"","background-media":"","overlay-type":"","overlay-color":"","overlay-opacity":"","overlay-gradient":""},"tablet":{"background-color":"","background-image":"","background-repeat":"repeat","background-position":"center center","background-size":"auto","background-attachment":"scroll","background-type":"","background-media":"","overlay-type":"","overlay-color":"","overlay-opacity":"","overlay-gradient":""},"mobile":{"background-color":"","background-image":"","background-repeat":"repeat","background-position":"center center","background-size":"auto","background-attachment":"scroll","background-type":"","background-media":"","overlay-type":"","overlay-color":"","overlay-opacity":"","overlay-gradient":""}},"ast-content-background-meta":{"desktop":{"background-color":"var(--ast-global-color-5)","background-image":"","background-repeat":"repeat","background-position":"center center","background-size":"auto","background-attachment":"scroll","background-type":"","background-media":"","overlay-type":"","overlay-color":"","overlay-opacity":"","overlay-gradient":""},"tablet":{"background-color":"var(--ast-global-color-5)","background-image":"","background-repeat":"repeat","background-position":"center center","background-size":"auto","background-attachment":"scroll","background-type":"","background-media":"","overlay-type":"","overlay-color":"","overlay-opacity":"","overlay-gradient":""},"mobile":{"background-color":"var(--ast-global-color-5)","background-image":"","background-repeat":"repeat","background-position":"center center","background-size":"auto","background-attachment":"scroll","background-type":"","background-media":"","overlay-type":"","overlay-color":"","overlay-opacity":"","overlay-gradient":""}}},"product_brand":[],"product_cat":[15],"product_tag":[],"class_list":{"0":"post-52","1":"product","2":"type-product","3":"status-publish","4":"has-post-thumbnail","6":"product_cat-unkategorisiert","7":"desktop-align-left","8":"tablet-align-left","9":"mobile-align-left","10":"ast-product-gallery-layout-horizontal","11":"ast-product-tabs-layout-horizontal","13":"first","14":"instock","15":"taxable","16":"shipping-taxable","17":"purchasable","18":"product-type-simple"},"yoast_head":"<!-- This site is optimized with the Yoast SEO plugin v27.5 - https:\/\/yoast.com\/product\/yoast-seo-wordpress\/ -->\n<title>Lernkartei gelb, DIN A8 - Lernkarteien.de\/Shop<\/title>\n<meta name=\"description\" content=\"gelbe Lernkartei f\u00fcr Karteikarten im Format DIN A8, L\u00e4nge \u2013 Breite \u2013 H\u00f6he: ca. 15,1 x 8,8 x 6,3 cm\" \/>\n<meta name=\"robots\" content=\"index, follow, max-snippet:-1, max-image-preview:large, max-video-preview:-1\" \/>\n<link rel=\"canonical\" href=\"https:\/\/lernkarteien.de\/shop\/produkt\/lernkartei-gelb\/\" \/>\n<meta property=\"og:locale\" content=\"de_DE\" \/>\n<meta property=\"og:type\" content=\"article\" \/>\n<meta property=\"og:title\" content=\"Lernkartei gelb, DIN A8 - Lernkarteien.de\/Shop\" \/>\n<meta property=\"og:description\" content=\"gelbe Lernkartei f\u00fcr Karteikarten im Format DIN A8, L\u00e4nge \u2013 Breite \u2013 H\u00f6he: ca. 15,1 x 8,8 x 6,3 cm\" \/>\n<meta property=\"og:url\" content=\"https:\/\/lernkarteien.de\/shop\/produkt\/lernkartei-gelb\/\" \/>\n<meta property=\"og:site_name\" content=\"Lernkarteien.de\/Shop\" \/>\n<meta property=\"article:modified_time\" content=\"2026-04-29T16:09:05+00:00\" \/>\n<meta property=\"og:image\" content=\"https:\/\/lernkarteien.de\/shop\/wp-content\/uploads\/Lernkarteibox-gelb-offen.jpg\" \/>\n\t<meta property=\"og:image:width\" content=\"800\" \/>\n\t<meta property=\"og:image:height\" content=\"689\" \/>\n\t<meta property=\"og:image:type\" content=\"image\/jpeg\" \/>\n<meta name=\"twitter:card\" content=\"summary_large_image\" \/>\n<meta name=\"twitter:label1\" content=\"Gesch\u00e4tzte Lesezeit\" \/>\n\t<meta name=\"twitter:data1\" content=\"1\u00a0Minute\" \/>\n<script type=\"application\/ld+json\" class=\"yoast-schema-graph\">{\"@context\":\"https:\\\/\\\/schema.org\",\"@graph\":[{\"@type\":\"WebPage\",\"@id\":\"https:\\\/\\\/lernkarteien.de\\\/shop\\\/produkt\\\/lernkartei-gelb\\\/\",\"url\":\"https:\\\/\\\/lernkarteien.de\\\/shop\\\/produkt\\\/lernkartei-gelb\\\/\",\"name\":\"Lernkartei gelb, DIN A8 - Lernkarteien.de\\\/Shop\",\"isPartOf\":{\"@id\":\"https:\\\/\\\/lernkarteien.de\\\/shop\\\/#website\"},\"primaryImageOfPage\":{\"@id\":\"https:\\\/\\\/lernkarteien.de\\\/shop\\\/produkt\\\/lernkartei-gelb\\\/#primaryimage\"},\"image\":{\"@id\":\"https:\\\/\\\/lernkarteien.de\\\/shop\\\/produkt\\\/lernkartei-gelb\\\/#primaryimage\"},\"thumbnailUrl\":\"https:\\\/\\\/lernkarteien.de\\\/shop\\\/wp-content\\\/uploads\\\/Lernkarteibox-gelb-offen.jpg\",\"datePublished\":\"2021-04-01T13:42:59+00:00\",\"dateModified\":\"2026-04-29T16:09:05+00:00\",\"description\":\"gelbe Lernkartei f\u00fcr Karteikarten im Format DIN A8, L\u00e4nge \u2013 Breite \u2013 H\u00f6he: ca. 15,1 x 8,8 x 6,3 cm\",\"breadcrumb\":{\"@id\":\"https:\\\/\\\/lernkarteien.de\\\/shop\\\/produkt\\\/lernkartei-gelb\\\/#breadcrumb\"},\"inLanguage\":\"de\",\"potentialAction\":[{\"@type\":\"ReadAction\",\"target\":[\"https:\\\/\\\/lernkarteien.de\\\/shop\\\/produkt\\\/lernkartei-gelb\\\/\"]}]},{\"@type\":\"ImageObject\",\"inLanguage\":\"de\",\"@id\":\"https:\\\/\\\/lernkarteien.de\\\/shop\\\/produkt\\\/lernkartei-gelb\\\/#primaryimage\",\"url\":\"https:\\\/\\\/lernkarteien.de\\\/shop\\\/wp-content\\\/uploads\\\/Lernkarteibox-gelb-offen.jpg\",\"contentUrl\":\"https:\\\/\\\/lernkarteien.de\\\/shop\\\/wp-content\\\/uploads\\\/Lernkarteibox-gelb-offen.jpg\",\"width\":800,\"height\":689,\"caption\":\"gelbe, ge\u00f6ffnete Lernkartei in der Ansicht von der Seite\"},{\"@type\":\"BreadcrumbList\",\"@id\":\"https:\\\/\\\/lernkarteien.de\\\/shop\\\/produkt\\\/lernkartei-gelb\\\/#breadcrumb\",\"itemListElement\":[{\"@type\":\"ListItem\",\"position\":1,\"name\":\"Startseite\",\"item\":\"https:\\\/\\\/lernkarteien.de\\\/shop\\\/\"},{\"@type\":\"ListItem\",\"position\":2,\"name\":\"Lernkarteien-Shop\",\"item\":\"https:\\\/\\\/lernkarteien.de\\\/shop\\\/\"},{\"@type\":\"ListItem\",\"position\":3,\"name\":\"Lernkartei gelb, DIN A8\"}]},{\"@type\":\"WebSite\",\"@id\":\"https:\\\/\\\/lernkarteien.de\\\/shop\\\/#website\",\"url\":\"https:\\\/\\\/lernkarteien.de\\\/shop\\\/\",\"name\":\"Lernkarteien.de\\\/Shop\",\"description\":\"\",\"potentialAction\":[{\"@type\":\"SearchAction\",\"target\":{\"@type\":\"EntryPoint\",\"urlTemplate\":\"https:\\\/\\\/lernkarteien.de\\\/shop\\\/?s={search_term_string}\"},\"query-input\":{\"@type\":\"PropertyValueSpecification\",\"valueRequired\":true,\"valueName\":\"search_term_string\"}}],\"inLanguage\":\"de\"}]}<\/script>\n<!-- \/ Yoast SEO plugin. -->","yoast_head_json":{"title":"Lernkartei gelb, DIN A8 - Lernkarteien.de\/Shop","description":"gelbe Lernkartei f\u00fcr Karteikarten im Format DIN A8, L\u00e4nge \u2013 Breite \u2013 H\u00f6he: ca. 15,1 x 8,8 x 6,3 cm","robots":{"index":"index","follow":"follow","max-snippet":"max-snippet:-1","max-image-preview":"max-image-preview:large","max-video-preview":"max-video-preview:-1"},"canonical":"https:\/\/lernkarteien.de\/shop\/produkt\/lernkartei-gelb\/","og_locale":"de_DE","og_type":"article","og_title":"Lernkartei gelb, DIN A8 - Lernkarteien.de\/Shop","og_description":"gelbe Lernkartei f\u00fcr Karteikarten im Format DIN A8, L\u00e4nge \u2013 Breite \u2013 H\u00f6he: ca. 15,1 x 8,8 x 6,3 cm","og_url":"https:\/\/lernkarteien.de\/shop\/produkt\/lernkartei-gelb\/","og_site_name":"Lernkarteien.de\/Shop","article_modified_time":"2026-04-29T16:09:05+00:00","og_image":[{"width":800,"height":689,"url":"https:\/\/lernkarteien.de\/shop\/wp-content\/uploads\/Lernkarteibox-gelb-offen.jpg","type":"image\/jpeg"}],"twitter_card":"summary_large_image","twitter_misc":{"Gesch\u00e4tzte Lesezeit":"1\u00a0Minute"},"schema":{"@context":"https:\/\/schema.org","@graph":[{"@type":"WebPage","@id":"https:\/\/lernkarteien.de\/shop\/produkt\/lernkartei-gelb\/","url":"https:\/\/lernkarteien.de\/shop\/produkt\/lernkartei-gelb\/","name":"Lernkartei gelb, DIN A8 - Lernkarteien.de\/Shop","isPartOf":{"@id":"https:\/\/lernkarteien.de\/shop\/#website"},"primaryImageOfPage":{"@id":"https:\/\/lernkarteien.de\/shop\/produkt\/lernkartei-gelb\/#primaryimage"},"image":{"@id":"https:\/\/lernkarteien.de\/shop\/produkt\/lernkartei-gelb\/#primaryimage"},"thumbnailUrl":"https:\/\/lernkarteien.de\/shop\/wp-content\/uploads\/Lernkarteibox-gelb-offen.jpg","datePublished":"2021-04-01T13:42:59+00:00","dateModified":"2026-04-29T16:09:05+00:00","description":"gelbe Lernkartei f\u00fcr Karteikarten im Format DIN A8, L\u00e4nge \u2013 Breite \u2013 H\u00f6he: ca. 15,1 x 8,8 x 6,3 cm","breadcrumb":{"@id":"https:\/\/lernkarteien.de\/shop\/produkt\/lernkartei-gelb\/#breadcrumb"},"inLanguage":"de","potentialAction":[{"@type":"ReadAction","target":["https:\/\/lernkarteien.de\/shop\/produkt\/lernkartei-gelb\/"]}]},{"@type":"ImageObject","inLanguage":"de","@id":"https:\/\/lernkarteien.de\/shop\/produkt\/lernkartei-gelb\/#primaryimage","url":"https:\/\/lernkarteien.de\/shop\/wp-content\/uploads\/Lernkarteibox-gelb-offen.jpg","contentUrl":"https:\/\/lernkarteien.de\/shop\/wp-content\/uploads\/Lernkarteibox-gelb-offen.jpg","width":800,"height":689,"caption":"gelbe, ge\u00f6ffnete Lernkartei in der Ansicht von der Seite"},{"@type":"BreadcrumbList","@id":"https:\/\/lernkarteien.de\/shop\/produkt\/lernkartei-gelb\/#breadcrumb","itemListElement":[{"@type":"ListItem","position":1,"name":"Startseite","item":"https:\/\/lernkarteien.de\/shop\/"},{"@type":"ListItem","position":2,"name":"Lernkarteien-Shop","item":"https:\/\/lernkarteien.de\/shop\/"},{"@type":"ListItem","position":3,"name":"Lernkartei gelb, DIN A8"}]},{"@type":"WebSite","@id":"https:\/\/lernkarteien.de\/shop\/#website","url":"https:\/\/lernkarteien.de\/shop\/","name":"Lernkarteien.de\/Shop","description":"","potentialAction":[{"@type":"SearchAction","target":{"@type":"EntryPoint","urlTemplate":"https:\/\/lernkarteien.de\/shop\/?s={search_term_string}"},"query-input":{"@type":"PropertyValueSpecification","valueRequired":true,"valueName":"search_term_string"}}],"inLanguage":"de"}]}},"_links":{"self":[{"href":"https:\/\/lernkarteien.de\/shop\/wp-json\/wp\/v2\/product\/52","targetHints":{"allow":["GET"]}}],"collection":[{"href":"https:\/\/lernkarteien.de\/shop\/wp-json\/wp\/v2\/product"}],"about":[{"href":"https:\/\/lernkarteien.de\/shop\/wp-json\/wp\/v2\/types\/product"}],"wp:featuredmedia":[{"embeddable":true,"href":"https:\/\/lernkarteien.de\/shop\/wp-json\/wp\/v2\/media\/3526"}],"wp:attachment":[{"href":"https:\/\/lernkarteien.de\/shop\/wp-json\/wp\/v2\/media?parent=52"}],"wp:term":[{"taxonomy":"product_brand","embeddable":true,"href":"https:\/\/lernkarteien.de\/shop\/wp-json\/wp\/v2\/product_brand?post=52"},{"taxonomy":"product_cat","embeddable":true,"href":"https:\/\/lernkarteien.de\/shop\/wp-json\/wp\/v2\/product_cat?post=52"},{"taxonomy":"product_tag","embeddable":true,"href":"https:\/\/lernkarteien.de\/shop\/wp-json\/wp\/v2\/product_tag?post=52"}],"curies":[{"name":"wp","href":"https:\/\/api.w.org\/{rel}","templated":true}]}}